{"id":6017,"date":"2023-07-30T19:16:31","date_gmt":"2023-07-30T22:16:31","guid":{"rendered":"https:\/\/aqualitapremium.com.br\/lp\/?page_id=6017"},"modified":"2025-12-09T11:09:50","modified_gmt":"2025-12-09T14:09:50","slug":"whatsapp","status":"publish","type":"page","link":"https:\/\/brfitbh.com.br\/lp\/whatsapp\/","title":{"rendered":"WhatsApp"},"content":{"rendered":"\t\t<div data-elementor-type=\"wp-page\" data-elementor-id=\"6017\" class=\"elementor elementor-6017\">\n\t\t\t\t\t\t<section class=\"elementor-section elementor-top-section elementor-element elementor-element-c30b0bb elementor-section-height-min-height elementor-section-items-top elementor-section-boxed elementor-section-height-default wpr-particle-no wpr-jarallax-no wpr-parallax-no wpr-sticky-section-no\" data-id=\"c30b0bb\" data-element_type=\"section\" data-settings=\"{&quot;background_background&quot;:&quot;classic&quot;}\">\n\t\t\t\t\t\t<div class=\"elementor-container elementor-column-gap-default\">\n\t\t\t\t\t<div class=\"elementor-column elementor-col-100 elementor-top-column elementor-element elementor-element-145ecae\" data-id=\"145ecae\" data-element_type=\"column\">\n\t\t\t<div class=\"elementor-widget-wrap elementor-element-populated\">\n\t\t\t\t\t\t<div class=\"elementor-element elementor-element-f1cde78 elementor-widget__width-initial elementor-widget elementor-widget-html\" data-id=\"f1cde78\" data-element_type=\"widget\" data-widget_type=\"html.default\">\n\t\t\t\t<div class=\"elementor-widget-container\">\n\t\t\t\t\t<style>\n.wpcf7-fake-submit {\n  opacity: .35;\n  cursor: not-allowed;\n  user-select: none;\n  pointer-events: none; \/* evita clique e tracking *\/\n  margin-left: auto !important;\n  margin-right: auto !important;\n}\n<\/style>\n<!-- Meta Pixel Code -->\n<script>\n!function(f,b,e,v,n,t,s)\n{if(f.fbq)return;n=f.fbq=function(){n.callMethod?\nn.callMethod.apply(n,arguments):n.queue.push(arguments)};\nif(!f._fbq)f._fbq=n;n.push=n;n.loaded=!0;n.version='2.0';\nn.queue=[];t=b.createElement(e);t.async=!0;\nt.src=v;s=b.getElementsByTagName(e)[0];\ns.parentNode.insertBefore(t,s)}(window, document,'script',\n'https:\/\/connect.facebook.net\/en_US\/fbevents.js');\nfbq('init', '1170845698252775');\nfbq('track', 'PageView');\n<\/script>\n<noscript><img height=\"1\" width=\"1\" style=\"display:none\"\nsrc=\"https:\/\/www.facebook.com\/tr?id=1170845698252775&ev=PageView&noscript=1\"\n\/><\/noscript>\n<!-- End Meta Pixel Code -->\t\t\t\t<\/div>\n\t\t\t\t<\/div>\n\t\t\t\t<div class=\"elementor-element elementor-element-f723b09 elementor-hidden-mobile elementor-widget elementor-widget-image\" data-id=\"f723b09\" data-element_type=\"widget\" data-widget_type=\"image.default\">\n\t\t\t\t<div class=\"elementor-widget-container\">\n\t\t\t\t\t\t\t\t\t\t\t\t\t\t\t<img decoding=\"async\" src=\"https:\/\/aqualitapremium.com.br\/lp\/wp-content\/uploads\/2023\/07\/whatsapp-logo.svg\" title=\"\" alt=\"\" loading=\"lazy\" \/>\t\t\t\t\t\t\t\t\t\t\t\t\t\t\t<\/div>\n\t\t\t\t<\/div>\n\t\t\t\t<section class=\"elementor-section elementor-inner-section elementor-element elementor-element-570fc08 elementor-section-boxed elementor-section-height-default elementor-section-height-default wpr-particle-no wpr-jarallax-no wpr-parallax-no wpr-sticky-section-no\" data-id=\"570fc08\" data-element_type=\"section\">\n\t\t\t\t\t\t<div class=\"elementor-container elementor-column-gap-default\">\n\t\t\t\t\t<div class=\"elementor-column elementor-col-100 elementor-inner-column elementor-element elementor-element-5921c82\" data-id=\"5921c82\" data-element_type=\"column\">\n\t\t\t<div class=\"elementor-widget-wrap elementor-element-populated\">\n\t\t\t\t\t\t<div class=\"elementor-element elementor-element-4fdaaff elementor-widget elementor-widget-heading\" data-id=\"4fdaaff\" data-element_type=\"widget\" data-widget_type=\"heading.default\">\n\t\t\t\t<div class=\"elementor-widget-container\">\n\t\t\t\t\t<h2 class=\"elementor-heading-title elementor-size-default\">BR fit<\/h2>\t\t\t\t<\/div>\n\t\t\t\t<\/div>\n\t\t\t\t<div class=\"elementor-element elementor-element-011e33a elementor-widget elementor-widget-text-editor\" data-id=\"011e33a\" data-element_type=\"widget\" data-widget_type=\"text-editor.default\">\n\t\t\t\t<div class=\"elementor-widget-container\">\n\t\t\t\t\t\t\t\t\t<p><span style=\"vertical-align: inherit;\"><span style=\"vertical-align: inherit;\"><span style=\"vertical-align: inherit;\"><span style=\"vertical-align: inherit;\"><span style=\"vertical-align: inherit;\"><span style=\"vertical-align: inherit;\"><span style=\"vertical-align: inherit;\"><span style=\"vertical-align: inherit;\"><span style=\"vertical-align: inherit;\"><span style=\"vertical-align: inherit;\">Fale com a gente atrav\u00e9s do WhatsApp<\/span><\/span><\/span><\/span><\/span><\/span><\/span><\/span><\/span><\/span><\/p>\t\t\t\t\t\t\t\t<\/div>\n\t\t\t\t<\/div>\n\t\t\t\t<div class=\"elementor-element elementor-element-b871636 elementor-widget elementor-widget-text-editor\" data-id=\"b871636\" data-element_type=\"widget\" data-widget_type=\"text-editor.default\">\n\t\t\t\t<div class=\"elementor-widget-container\">\n\t\t\t\t\t\t\t\t\t<p><small><span style=\"vertical-align: inherit;\"><span style=\"vertical-align: inherit;\"><span style=\"vertical-align: inherit;\"><span style=\"vertical-align: inherit;\"><span style=\"vertical-align: inherit;\"><span style=\"vertical-align: inherit;\">(31) 2523-0672 | contato@brfitbh.com.br<\/span><\/span><\/span><\/span><\/span><\/span><\/small><\/p>\t\t\t\t\t\t\t\t<\/div>\n\t\t\t\t<\/div>\n\t\t\t\t\t<\/div>\n\t\t<\/div>\n\t\t\t\t\t<\/div>\n\t\t<\/section>\n\t\t\t\t\t<\/div>\n\t\t<\/div>\n\t\t\t\t\t<\/div>\n\t\t<\/section>\n\t\t\t\t<section class=\"elementor-section elementor-top-section elementor-element elementor-element-ac8f8fe elementor-section-height-min-height elementor-section-items-top elementor-section-stretched elementor-section-boxed elementor-section-height-default wpr-particle-no wpr-jarallax-no wpr-parallax-no wpr-sticky-section-no\" data-id=\"ac8f8fe\" data-element_type=\"section\" data-settings=\"{&quot;background_background&quot;:&quot;classic&quot;,&quot;stretch_section&quot;:&quot;section-stretched&quot;}\">\n\t\t\t\t\t\t\t<div class=\"elementor-background-overlay\"><\/div>\n\t\t\t\t\t\t\t<div class=\"elementor-container elementor-column-gap-no\">\n\t\t\t\t\t<div class=\"elementor-column elementor-col-33 elementor-top-column elementor-element elementor-element-a48b3ca\" data-id=\"a48b3ca\" data-element_type=\"column\">\n\t\t\t<div class=\"elementor-widget-wrap\">\n\t\t\t\t\t\t\t<\/div>\n\t\t<\/div>\n\t\t\t\t<div class=\"elementor-column elementor-col-33 elementor-top-column elementor-element elementor-element-9d8c75b\" data-id=\"9d8c75b\" data-element_type=\"column\" data-settings=\"{&quot;background_background&quot;:&quot;classic&quot;}\">\n\t\t\t<div class=\"elementor-widget-wrap elementor-element-populated\">\n\t\t\t\t\t\t<section class=\"elementor-section elementor-inner-section elementor-element elementor-element-85ea1bc elementor-section-full_width elementor-section-height-default elementor-section-height-default wpr-particle-no wpr-jarallax-no wpr-parallax-no wpr-sticky-section-no\" data-id=\"85ea1bc\" data-element_type=\"section\" data-settings=\"{&quot;background_background&quot;:&quot;classic&quot;}\">\n\t\t\t\t\t\t<div class=\"elementor-container elementor-column-gap-no\">\n\t\t\t\t\t<div class=\"elementor-column elementor-col-100 elementor-inner-column elementor-element elementor-element-0bd38cf\" data-id=\"0bd38cf\" data-element_type=\"column\" data-settings=\"{&quot;background_background&quot;:&quot;classic&quot;}\">\n\t\t\t<div class=\"elementor-widget-wrap elementor-element-populated\">\n\t\t\t\t\t\t<div class=\"elementor-element elementor-element-0bddb29 elementor-position-left elementor-mobile-position-left elementor-view-default elementor-vertical-align-top elementor-widget elementor-widget-icon-box\" data-id=\"0bddb29\" data-element_type=\"widget\" data-widget_type=\"icon-box.default\">\n\t\t\t\t<div class=\"elementor-widget-container\">\n\t\t\t\t\t\t\t<div class=\"elementor-icon-box-wrapper\">\n\n\t\t\t\t\t\t<div class=\"elementor-icon-box-icon\">\n\t\t\t\t<span  class=\"elementor-icon elementor-animation-\">\n\t\t\t\t<svg xmlns=\"http:\/\/www.w3.org\/2000\/svg\" xmlns:xlink=\"http:\/\/www.w3.org\/1999\/xlink\" height=\"800px\" width=\"800px\" id=\"Layer_1\" viewBox=\"0 0 512 512\" xml:space=\"preserve\"><path style=\"fill:#EDEDED;\" d=\"M0,512l35.31-128C12.359,344.276,0,300.138,0,254.234C0,114.759,114.759,0,255.117,0 S512,114.759,512,254.234S395.476,512,255.117,512c-44.138,0-86.51-14.124-124.469-35.31L0,512z\"><\/path><path style=\"fill:#55CD6C;\" d=\"M137.71,430.786l7.945,4.414c32.662,20.303,70.621,32.662,110.345,32.662 c115.641,0,211.862-96.221,211.862-213.628S371.641,44.138,255.117,44.138S44.138,137.71,44.138,254.234 c0,40.607,11.476,80.331,32.662,113.876l5.297,7.945l-20.303,74.152L137.71,430.786z\"><\/path><path style=\"fill:#FEFEFE;\" d=\"M187.145,135.945l-16.772-0.883c-5.297,0-10.593,1.766-14.124,5.297 c-7.945,7.062-21.186,20.303-24.717,37.959c-6.179,26.483,3.531,58.262,26.483,90.041s67.09,82.979,144.772,105.048 c24.717,7.062,44.138,2.648,60.028-7.062c12.359-7.945,20.303-20.303,22.952-33.545l2.648-12.359 c0.883-3.531-0.883-7.945-4.414-9.71l-55.614-25.6c-3.531-1.766-7.945-0.883-10.593,2.648l-22.069,28.248 c-1.766,1.766-4.414,2.648-7.062,1.766c-15.007-5.297-65.324-26.483-92.69-79.448c-0.883-2.648-0.883-5.297,0.883-7.062 l21.186-23.834c1.766-2.648,2.648-6.179,1.766-8.828l-25.6-57.379C193.324,138.593,190.676,135.945,187.145,135.945\"><\/path><\/svg>\t\t\t\t<\/span>\n\t\t\t<\/div>\n\t\t\t\n\t\t\t\t\t\t<div class=\"elementor-icon-box-content\">\n\n\t\t\t\t\t\t\t\t\t<h3 class=\"elementor-icon-box-title\">\n\t\t\t\t\t\t<span  >\n\t\t\t\t\t\t\tBR Fit\t\t\t\t\t\t<\/span>\n\t\t\t\t\t<\/h3>\n\t\t\t\t\n\t\t\t\t\n\t\t\t<\/div>\n\t\t\t\n\t\t<\/div>\n\t\t\t\t\t\t<\/div>\n\t\t\t\t<\/div>\n\t\t\t\t<div class=\"elementor-element elementor-element-1f66729 elementor-position-left elementor-vertical-align-middle elementor-mobile-position-left elementor-view-default elementor-widget elementor-widget-icon-box\" data-id=\"1f66729\" data-element_type=\"widget\" data-widget_type=\"icon-box.default\">\n\t\t\t\t<div class=\"elementor-widget-container\">\n\t\t\t\t\t\t\t<div class=\"elementor-icon-box-wrapper\">\n\n\t\t\t\t\t\t<div class=\"elementor-icon-box-icon\">\n\t\t\t\t<span  class=\"elementor-icon elementor-animation-\">\n\t\t\t\t<svg aria-hidden=\"true\" class=\"e-font-icon-svg e-fas-circle\" viewBox=\"0 0 512 512\" xmlns=\"http:\/\/www.w3.org\/2000\/svg\"><path d=\"M256 8C119 8 8 119 8 256s111 248 248 248 248-111 248-248S393 8 256 8z\"><\/path><\/svg>\t\t\t\t<\/span>\n\t\t\t<\/div>\n\t\t\t\n\t\t\t\t\t\t<div class=\"elementor-icon-box-content\">\n\n\t\t\t\t\t\t\t\t\t<h2 class=\"elementor-icon-box-title\">\n\t\t\t\t\t\t<span  >\n\t\t\t\t\t\t\tOnline\t\t\t\t\t\t<\/span>\n\t\t\t\t\t<\/h2>\n\t\t\t\t\n\t\t\t\t\n\t\t\t<\/div>\n\t\t\t\n\t\t<\/div>\n\t\t\t\t\t\t<\/div>\n\t\t\t\t<\/div>\n\t\t\t\t\t<\/div>\n\t\t<\/div>\n\t\t\t\t\t<\/div>\n\t\t<\/section>\n\t\t\t\t<section class=\"elementor-section elementor-inner-section elementor-element elementor-element-d020693 elementor-section-boxed elementor-section-height-default elementor-section-height-default wpr-particle-no wpr-jarallax-no wpr-parallax-no wpr-sticky-section-no\" data-id=\"d020693\" data-element_type=\"section\" data-settings=\"{&quot;background_background&quot;:&quot;classic&quot;}\">\n\t\t\t\t\t\t<div class=\"elementor-container elementor-column-gap-default\">\n\t\t\t\t\t<div class=\"elementor-column elementor-col-100 elementor-inner-column elementor-element elementor-element-9b883f9\" data-id=\"9b883f9\" data-element_type=\"column\" data-settings=\"{&quot;background_background&quot;:&quot;classic&quot;}\">\n\t\t\t<div class=\"elementor-widget-wrap elementor-element-populated\">\n\t\t\t\t\t\t<div class=\"elementor-element elementor-element-8dc86d1 elementor-widget elementor-widget-heading\" data-id=\"8dc86d1\" data-element_type=\"widget\" data-widget_type=\"heading.default\">\n\t\t\t\t<div class=\"elementor-widget-container\">\n\t\t\t\t\t<h2 class=\"elementor-heading-title elementor-size-default\">Fale com a gente pelo WhatsApp<\/h2>\t\t\t\t<\/div>\n\t\t\t\t<\/div>\n\t\t\t\t\t<\/div>\n\t\t<\/div>\n\t\t\t\t\t<\/div>\n\t\t<\/section>\n\t\t\t\t<div class=\"elementor-element elementor-element-26ce58e wpr-forms-submit-center wpr-forms-align-left elementor-widget elementor-widget-wpr-forms\" data-id=\"26ce58e\" data-element_type=\"widget\" data-widget_type=\"wpr-forms.default\">\n\t\t\t\t<div class=\"elementor-widget-container\">\n\t\t\t\t\t<div class=\"wpr-forms-container wpr-custom-chk-radio\">\n<div class=\"wpcf7 no-js\" id=\"wpcf7-f6053-o1\" lang=\"pt-BR\" dir=\"ltr\" data-wpcf7-id=\"6053\">\n<div class=\"screen-reader-response\"><p role=\"status\" aria-live=\"polite\" aria-atomic=\"true\"><\/p> <ul><\/ul><\/div>\n<form action=\"\/lp\/wp-json\/wp\/v2\/pages\/6017#wpcf7-f6053-o1\" method=\"post\" class=\"wpcf7-form init\" aria-label=\"Formul\u00e1rios de contato\" novalidate=\"novalidate\" data-status=\"init\">\n<div style=\"display: none;\">\n<input type=\"hidden\" name=\"_wpcf7\" value=\"6053\" \/>\n<input type=\"hidden\" name=\"_wpcf7_version\" value=\"6.0.2\" \/>\n<input type=\"hidden\" name=\"_wpcf7_locale\" value=\"pt_BR\" \/>\n<input type=\"hidden\" name=\"_wpcf7_unit_tag\" value=\"wpcf7-f6053-o1\" \/>\n<input type=\"hidden\" name=\"_wpcf7_container_post\" value=\"0\" \/>\n<input type=\"hidden\" name=\"_wpcf7_posted_data_hash\" value=\"\" \/>\n<\/div>\n<p><label> <span class=\"wpcf7-form-control-wrap\" data-name=\"nome\"><input size=\"40\" maxlength=\"400\" class=\"wpcf7-form-control wpcf7-text wpcf7-validates-as-required\" aria-required=\"true\" aria-invalid=\"false\" placeholder=\"Seu nome (obrigat\u00f3rio)\" value=\"\" type=\"text\" name=\"nome\" \/><\/span> <\/label><label> <span class=\"wpcf7-form-control-wrap\" data-name=\"email\"><input size=\"40\" maxlength=\"400\" class=\"wpcf7-form-control wpcf7-email wpcf7-validates-as-required wpcf7-text wpcf7-validates-as-email\" aria-required=\"true\" aria-invalid=\"false\" placeholder=\"Seu e-mail (obrigat\u00f3rio)\" value=\"\" type=\"email\" name=\"email\" \/><\/span> <\/label><label> <span class=\"wpcf7-form-control-wrap\" data-name=\"telefone\"><input size=\"40\" maxlength=\"400\" class=\"wpcf7-form-control wpcf7-tel wpcf7-validates-as-required wpcf7-text wpcf7-validates-as-tel\" aria-required=\"true\" aria-invalid=\"false\" placeholder=\"Seu telefone (XX) XXXX-XXXX (obrigat\u00f3rio)\" value=\"\" type=\"tel\" name=\"telefone\" \/><\/span> <\/label><label> <span class=\"wpcf7-form-control-wrap\" data-name=\"Mensagem\"><textarea cols=\"40\" rows=\"10\" maxlength=\"2000\" class=\"wpcf7-form-control wpcf7-textarea wpcf7-validates-as-required\" aria-required=\"true\" aria-invalid=\"false\" placeholder=\"Mensagem (obrigat\u00f3rio)\" name=\"Mensagem\"><\/textarea><\/span> <\/label><input class=\"wpcf7-form-control wpcf7-submit has-spinner\" type=\"submit\" value=\"Enviar\" \/>\n<\/p><div class=\"wpcf7-response-output\" aria-hidden=\"true\"><\/div>\n<\/form>\n<\/div>\n<\/div>\t\t\t\t<\/div>\n\t\t\t\t<\/div>\n\t\t\t\t\t<\/div>\n\t\t<\/div>\n\t\t\t\t<div class=\"elementor-column elementor-col-33 elementor-top-column elementor-element elementor-element-4022b08\" data-id=\"4022b08\" data-element_type=\"column\">\n\t\t\t<div class=\"elementor-widget-wrap elementor-element-populated\">\n\t\t\t\t\t\t<div class=\"elementor-element elementor-element-436f07d elementor-widget__width-initial elementor-widget elementor-widget-html\" data-id=\"436f07d\" data-element_type=\"widget\" data-widget_type=\"html.default\">\n\t\t\t\t<div class=\"elementor-widget-container\">\n\t\t\t\t\t<script>\ndocument.addEventListener(\"DOMContentLoaded\", function() {\n  const textarea = document.querySelector('textarea[name=\"Mensagem\"]');\n  if (!textarea) return;\n\n  \/\/ Oculta o textarea\n  textarea.style.display = \"none\";\n  textarea.style.setProperty('line-height', '25px', 'important');\n\n  \/\/ Obt\u00e9m o valor do par\u00e2metro ?ref= da URL\n  const params = new URLSearchParams(window.location.search);\n  const ref = params.get(\"ref\");\n\n  \/\/ Texto padr\u00e3o\n  let mensagem = \"Ol\u00e1! Vim atrav\u00e9s de \";\n\n  \/\/ Define a mensagem com base no ?ref=\n  switch (ref) {\n    case \"facebook\":\n      mensagem += \"uma campanha no Facebook.\";\n      break;\n\n    case \"instagram\":\n      mensagem += \"uma campanha no Instagram.\";\n      break;\n\n    case \"google\":\n      mensagem += \"uma busca no Google.\";\n      break;\n\n    default:\n      if (ref) {\n        mensagem += `uma indica\u00e7\u00e3o (${ref}).`;\n      } else {\n        mensagem = \"uma indica\u00e7\u00e3o (Org\u00e2nico)\"; \/\/ Se n\u00e3o tiver ref, deixa em branco\n      }\n  }\n\n  \/\/ Define o conte\u00fado dentro do textarea usando innerHTML\n  textarea.innerHTML = mensagem;\n});\n<\/script>\n<script>\ndocument.addEventListener('DOMContentLoaded', () => {\n  document.querySelectorAll('form.wpcf7-form').forEach(setupFormGuard);\n});\n\nfunction setupFormGuard(form) {\n  const realSubmit = form.querySelector('input.wpcf7-submit[type=\"submit\"]');\n  if (!realSubmit) return;\n\n  \/\/ helpers para (des)exibir com !important\n  const setDisplayImportant = (el, value) => el.style.setProperty('display', value, 'important');\n  const clearDisplay = (el) => el.style.removeProperty('display');\n\n  \/\/ cria o \"bot\u00e3o\" fantasma (n\u00e3o bot\u00e3o de verdade)\n  const fake = document.createElement('span');\n  fake.className = 'wpcf7-fake-submit';\n  fake.textContent = realSubmit.value || 'Enviar';\n  fake.setAttribute('aria-disabled', 'true');\n  fake.setAttribute('role', 'presentation');\n  fake.title = 'Preencha os campos obrigat\u00f3rios para enviar';\n\n  \/\/ apar\u00eancia b\u00e1sica (mova para CSS do tema se preferir)\n  setDisplayImportant(fake, 'table');     \/\/ <= conforme pedido\n  fake.style.opacity = '0.35';\n  fake.style.cursor = 'not-allowed';\n  fake.style.userSelect = 'none';\n  fake.style.pointerEvents = 'none';\n  fake.classList.add(...Array.from(realSubmit.classList));\n\n  \/\/ esconde o submit real inicialmente (com !important)\n  realSubmit.dataset._guardOriginalDisplay = realSubmit.style.display || '';\n  setDisplayImportant(realSubmit, 'none'); \/\/ <= display: none !important\n\n  \/\/ insere o fake depois do real\n  realSubmit.insertAdjacentElement('afterend', fake);\n\n  const inputs = {\n    nome:     form.querySelector('input[name=\"nome\"]'),\n    email:    form.querySelector('input[name=\"email\"]'),\n    telefone: form.querySelector('input[name=\"telefone\"]'),\n  };\n\n  const validate = () => {\n    const okNome = inputs.nome && inputs.nome.value.trim().length >= 2;\n\n    const okEmail = (() => {\n      if (!inputs.email) return false;\n      const v = inputs.email.value.trim();\n      return \/^[^\\s@]+@[^\\s@]+\\.[^\\s@]{2,}$\/.test(v);\n    })();\n\n    const okTelefone = (() => {\n      if (!inputs.telefone) return false;\n      const digits = inputs.telefone.value.replace(\/\\D+\/g, '');\n      return digits.length >= 10 && digits.length <= 11;\n    })();\n\n    const okMsg = inputs.mensagem ? String(inputs.mensagem.value || '').trim().length > 0 : true;\n    const allOk = okNome && okEmail && okTelefone && okMsg;\n\n    if (allOk) {\n      \/\/ mostra o submit real (limpa display inline pra voltar ao normal)\n      clearDisplay(realSubmit);\n      \/\/ esconde o fake com !important\n      setDisplayImportant(fake, 'none');\n    } else {\n      \/\/ bloqueia: real escondido com !important\n      setDisplayImportant(realSubmit, 'none');\n      \/\/ fake vis\u00edvel com display: table !important\n      setDisplayImportant(fake, 'table');\n    }\n  };\n\n  ['input', 'change', 'keyup', 'blur'].forEach(evt => {\n    form.addEventListener(evt, e => {\n      if (form.contains(e.target)) validate();\n    }, { passive: true });\n  });\n\n  const mo = new MutationObserver(() => validate());\n  mo.observe(form, { childList: true, subtree: true });\n\n  validate();\n  fake.setAttribute('tabindex', '-1');\n}\n<\/script>\t\t\t\t<\/div>\n\t\t\t\t<\/div>\n\t\t\t\t\t<\/div>\n\t\t<\/div>\n\t\t\t\t\t<\/div>\n\t\t<\/section>\n\t\t\t\t<\/div>\n\t\t","protected":false},"excerpt":{"rendered":"<p>BR fit Fale com a gente atrav\u00e9s do WhatsApp (31) 2523-0672 | contato@brfitbh.com.br BR Fit Online Fale com a gente pelo WhatsApp<\/p>\n","protected":false},"author":2,"featured_media":0,"parent":0,"menu_order":0,"comment_status":"closed","ping_status":"closed","template":"elementor_canvas","meta":{"footnotes":""},"class_list":["post-6017","page","type-page","status-publish","hentry"],"aioseo_notices":[],"_links":{"self":[{"href":"https:\/\/brfitbh.com.br\/lp\/wp-json\/wp\/v2\/pages\/6017","targetHints":{"allow":["GET"]}}],"collection":[{"href":"https:\/\/brfitbh.com.br\/lp\/wp-json\/wp\/v2\/pages"}],"about":[{"href":"https:\/\/brfitbh.com.br\/lp\/wp-json\/wp\/v2\/types\/page"}],"author":[{"embeddable":true,"href":"https:\/\/brfitbh.com.br\/lp\/wp-json\/wp\/v2\/users\/2"}],"replies":[{"embeddable":true,"href":"https:\/\/brfitbh.com.br\/lp\/wp-json\/wp\/v2\/comments?post=6017"}],"version-history":[{"count":57,"href":"https:\/\/brfitbh.com.br\/lp\/wp-json\/wp\/v2\/pages\/6017\/revisions"}],"predecessor-version":[{"id":6112,"href":"https:\/\/brfitbh.com.br\/lp\/wp-json\/wp\/v2\/pages\/6017\/revisions\/6112"}],"wp:attachment":[{"href":"https:\/\/brfitbh.com.br\/lp\/wp-json\/wp\/v2\/media?parent=6017"}],"curies":[{"name":"wp","href":"https:\/\/api.w.org\/{rel}","templated":true}]}}